{"id":71561,"date":"2025-07-23T15:35:57","date_gmt":"2025-07-23T13:35:57","guid":{"rendered":"https:\/\/essmann.com\/waagenreparatur\/"},"modified":"2025-07-29T17:09:01","modified_gmt":"2025-07-29T15:09:01","slug":"waagenreparatur","status":"publish","type":"page","link":"https:\/\/waagen-visser.de\/nl\/waagenreparatur\/","title":{"rendered":"VISSER reparatie"},"content":{"rendered":"<div class=\"gb-container gb-container-8fe510c5\"><div class=\"gb-inside-container\">\n<div class=\"gb-grid-wrapper gb-grid-wrapper-fcc0f283\">\n<div class=\"gb-grid-column gb-grid-column-18445106\"><div class=\"gb-container gb-container-18445106\"><div class=\"gb-inside-container\">\n<div class=\"gb-container gb-container-f8836d78\">\n\n<h2 class=\"wp-block-heading has-text-align-left has-accent-3-color has-text-color has-link-color wp-elements-25bd39f57668dc733268fb9731d98b5e\">Hotlines<\/h2>\n\n\n\n<p class=\"has-text-align-left has-accent-3-color has-text-color has-link-color wp-elements-61e1800fde4884c60127e74c6353f93e\"><strong>VISSER<\/strong> <strong>reparatieservice<\/strong><br\/>hotline <a href=\"tel:+49%2040%208400040\"><mark style=\"background-color:rgba(0, 0, 0, 0)\" class=\"has-inline-color has-accent-3-color\"><a href=\"tel:49203667260\">+49 203 66 72 60<\/a><\/mark><\/a><br\/><mark style=\"background-color:rgba(0, 0, 0, 0)\" class=\"has-inline-color has-accent-3-color\"><a href=\"https:\/\/waagen-visser.de\/nl\/?page_id=71509\">Service formulier<\/a><\/mark><\/p>\n\n\n\n<p class=\"has-text-align-left has-accent-3-color has-text-color has-link-color wp-elements-7ff48a022ee93519c9056e16645ac653\"><strong>ESSMANN-IT-Support<\/strong><br\/>Hotline <a href=\"tel:+49%2040%2084000426\"><mark style=\"background-color:rgba(0, 0, 0, 0)\" class=\"has-inline-color has-accent-3-color\">+49 40 84000426<\/mark><\/a><br\/><a href=\"https:\/\/support.essmann.com\" target=\"_blank\" rel=\"noreferrer noopener\"><mark style=\"background-color:rgba(0, 0, 0, 0)\" class=\"has-inline-color has-accent-3-color\">Ondersteuningsformulier<\/mark><\/a><\/p>\n\n<\/div>\n\n\n<div style=\"height:27px\" aria-hidden=\"true\" class=\"wp-block-spacer\"><\/div>\n\n\n\n<figure class=\"wp-block-image size-large\"><img loading=\"lazy\" decoding=\"async\" width=\"683\" height=\"1024\" src=\"https:\/\/waagen-visser.de\/wp-content\/uploads\/2024\/05\/20240528_mercer_he-sfk_sas_0317-683x1024.jpg\" alt=\"Roestig ijzeren onderdeel van een machine\" class=\"wp-image-34392\" srcset=\"https:\/\/waagen-visser.de\/wp-content\/uploads\/2024\/05\/20240528_mercer_he-sfk_sas_0317-683x1024.jpg 683w, https:\/\/waagen-visser.de\/wp-content\/uploads\/2024\/05\/20240528_mercer_he-sfk_sas_0317-200x300.jpg 200w, https:\/\/waagen-visser.de\/wp-content\/uploads\/2024\/05\/20240528_mercer_he-sfk_sas_0317-768x1152.jpg 768w, https:\/\/waagen-visser.de\/wp-content\/uploads\/2024\/05\/20240528_mercer_he-sfk_sas_0317.jpg 800w\" sizes=\"auto, (max-width: 683px) 100vw, 683px\" \/><\/figure>\n\n\n\n<div style=\"height:27px\" aria-hidden=\"true\" class=\"wp-block-spacer\"><\/div>\n\n<\/div><\/div><\/div>\n\n<div class=\"gb-grid-column gb-grid-column-3134f121\"><div class=\"gb-container gb-container-3134f121\"><div class=\"gb-inside-container\">\n\n<h2 class=\"gb-headline gb-headline-038af88d gb-headline-text\">Wij repareren uw industri\u00eble weegschalen<\/h2>\n\n\n\n<div class=\"gb-headline gb-headline-faaf52f3\"><span class=\"gb-icon\"><svg xmlns=\"http:\/\/www.w3.org\/2000\/svg\" viewbox=\"0 0 36.7 3\"><path d=\"M0 0h36.7v3H0z\"><\/path><\/svg><\/span><\/div>\n\n\n\n<p>Wanneer uw weegschalen in storing vallen, telt elke minuut. <br\/>VISSER Waagen is uw betrouwbare servicepartner voor de <strong>snelle reparatie en probleemoplossing<\/strong> van industri\u00eble weegsystemen &#8211; van de eerste oproep tot de herinbedrijfstelling.<\/p>\n\n\n\n<p>Dankzij onze <strong>klantenservice, die elke werkdag bereikbaar is<\/strong>, <strong>diagnosemogelijkheden op afstand<\/strong> voor softwareproblemen en een ervaren serviceteam op locatie, minimaliseren we de downtime en garanderen we <strong>een hoge beschikbaarheid van uw systemen<\/strong>.<\/p>\n\n\n\n<h3 class=\"wp-block-heading\">Wanneer heeft een reparatie zin?<\/h3>\n\n\n\n<p>In tegenstelling tot een modernisering omvat een reparatie de <strong>gerichte vervanging van defecte onderdelen op een \u00e9\u00e9n-op-\u00e9\u00e9n basis<\/strong> &#8211; kosteneffici\u00ebnt, zonder de algehele technische staat te veranderen. Dit garandeert een continue werking op korte termijn, vooral bij oudere weegsystemen. <\/p>\n\n\n\n<blockquote class=\"wp-block-quote is-layout-flow wp-block-quote-is-layout-flow\">\n<p><strong>Voordelen van VISSER reparatieservices:<\/strong><\/p>\n\n\n\n<ul class=\"wp-block-list\">\n<li>Snelle beschikbaarheid van reserveonderdelen<\/li>\n\n\n\n<li>De systeemconfiguratie verkrijgen<\/li>\n\n\n\n<li>Minimale stilstand<\/li>\n<\/ul>\n<\/blockquote>\n\n\n\n<h3 class=\"wp-block-heading\">Waarom regelmatig onderhoud cruciaal is<\/h3>\n\n\n\n<p>Nadat een weegsysteem in gebruik is genomen, is <strong>regelmatig onderhoud essentieel<\/strong> om <strong>de meetnauwkeurigheid, beschikbaarheid en bedrijfszekerheid<\/strong> op de lange termijn te garanderen. We controleren alle componenten, kalibreren instellingen en inspecteren de software &#8211; met vooruitziende blik en in overeenstemming met de normen. <\/p>\n\n\n\n<h3 class=\"wp-block-heading\">Modernisering als langetermijnoptie<\/h3>\n\n\n\n<p>Als reparaties te vaak nodig zijn of niet langer economisch zinvol zijn, onderzoeken we samen met u de mogelijkheden voor <strong>modernisering of vervanging van het systeem<\/strong> &#8211; op maat gemaakt, toekomstbestendig, investeringsveilig.<\/p>\n\n\n\n<h3 class=\"wp-block-heading\">Onderhoud als succesfactor<\/h3>\n\n\n\n<p>Mechanische en elektronische componenten zijn onderhevig aan slijtage &#8211; afhankelijk van gebruik, omgeving en leeftijd. Het <strong>nauwkeurig vervangen van versleten onderdelen<\/strong> door originele onderdelen is daarom essentieel voor <strong>stabiele prestaties en weegnauwkeurigheid volgens de norm<\/strong>. <\/p>\n\n\n<div class=\"gb-container gb-container-e06db0fd\"><div class=\"gb-inside-container\">\n<div class=\"gb-grid-wrapper gb-grid-wrapper-3b183dc5\">\n<div class=\"gb-grid-column gb-grid-column-74322eeb\"><div class=\"gb-container gb-container-74322eeb\"><div class=\"gb-inside-container\">\n<div class=\"gb-button-wrapper gb-button-wrapper-4a2269c5\">\n\n<a class=\"gb-button gb-button-1d91d7de gb-button-text button\" href=\"https:\/\/waagen-visser.de\/nl\/?page_id=71509\">Afspraak maken voor reparatie<\/a>\n\n<\/div>\n<\/div><\/div><\/div>\n<\/div>\n<\/div><\/div>\n<\/div><\/div><\/div>\n<\/div>\n\n\n<div style=\"height:100px\" aria-hidden=\"true\" class=\"wp-block-spacer\"><\/div>\n\n\n\n<h2 class=\"wp-block-heading has-text-align-center\">VISSER weegschalen reparatie<\/h2>\n\n\n<div class=\"gb-container gb-container-37b15cb9\">\n\n<div class=\"wp-block-columns is-layout-flex wp-container-core-columns-is-layout-9d6595d7 wp-block-columns-is-layout-flex\">\n<div class=\"wp-block-column is-layout-flow wp-block-column-is-layout-flow\" style=\"flex-basis:66.66%\">\n<h2 class=\"wp-block-heading\">Snelle hulp bij storingen &#8211; diagnoseservice inbegrepen<\/h2>\n\n\n\n<p><strong>Staken je weegschalen?<\/strong>  Ons serviceteam reageert onmiddellijk: de dichtstbijzijnde technicus wordt automatisch op de hoogte gebracht via ons klantencentrum en komt direct naar je toe. Voor maximale effici\u00ebntie kunnen we op verzoek vooraf een <strong>analyse op afstand<\/strong> uitvoeren <strong>via TeamViewer<\/strong>. Op die manier weten we wat de storing is voordat we aan het werk gaan en nemen we geschikt vervangingsmateriaal direct mee. Dit bespaart tijd, vermindert stilstand &#8211; en zorgt ervoor dat uw processen snel weer op gang komen.   <\/p>\n<\/div>\n\n\n\n<div class=\"wp-block-column is-layout-flow wp-block-column-is-layout-flow\" style=\"flex-basis:33.33%\">\n<figure class=\"wp-block-image size-large is-resized\"><img loading=\"lazy\" decoding=\"async\" width=\"1024\" height=\"1024\" src=\"https:\/\/waagen-visser.de\/wp-content\/uploads\/2023\/09\/Wagenbauer-Kreis-1024x1024.png\" alt=\"ESSMANN-schaalfabrikant Albert\" class=\"wp-image-29942\" style=\"width:260px;height:auto\" srcset=\"https:\/\/waagen-visser.de\/wp-content\/uploads\/2023\/09\/Wagenbauer-Kreis-1024x1024.png 1024w, https:\/\/waagen-visser.de\/wp-content\/uploads\/2023\/09\/Wagenbauer-Kreis-300x300.png 300w, https:\/\/waagen-visser.de\/wp-content\/uploads\/2023\/09\/Wagenbauer-Kreis-150x150.png 150w, https:\/\/waagen-visser.de\/wp-content\/uploads\/2023\/09\/Wagenbauer-Kreis-768x768.png 768w, https:\/\/waagen-visser.de\/wp-content\/uploads\/2023\/09\/Wagenbauer-Kreis.png 1449w\" sizes=\"auto, (max-width: 1024px) 100vw, 1024px\" \/><\/figure>\n<\/div>\n<\/div>\n\n<\/div>\n<\/div><\/div>\n<div class=\"wp-block-columns is-layout-flex wp-container-core-columns-is-layout-9d6595d7 wp-block-columns-is-layout-flex\">\n<div class=\"wp-block-column is-layout-flow wp-block-column-is-layout-flow\" style=\"flex-basis:33.33%\"><div class=\"wp-block-image\">\n<figure class=\"aligncenter size-medium\"><img loading=\"lazy\" decoding=\"async\" width=\"222\" height=\"300\" src=\"https:\/\/waagen-visser.de\/wp-content\/uploads\/2025\/04\/essmann_standorte_karte-222x300.png\" alt=\"Kaart van Duitsland met gemarkeerde regio's en ESSMANN locaties\" class=\"wp-image-76273\" srcset=\"https:\/\/waagen-visser.de\/wp-content\/uploads\/2025\/04\/essmann_standorte_karte-222x300.png 222w, https:\/\/waagen-visser.de\/wp-content\/uploads\/2025\/04\/essmann_standorte_karte.png 592w\" sizes=\"auto, (max-width: 222px) 100vw, 222px\" \/><\/figure>\n<\/div><\/div>\n\n\n\n<div class=\"wp-block-column is-layout-flow wp-block-column-is-layout-flow\" style=\"flex-basis:66.66%\">\n<h2 class=\"wp-block-heading\">VISSER in Duisburg, ESSMANN in heel Duitsland<\/h2>\n\n\n\n<p>Service die lokaal begint &#8211; en in heel Duitsland werkt<\/p>\n\n\n\n<p><strong>In Duisburg en omstreken is VISSER uw competente partner voor al uw onderhoud en reparaties aan weegschalen.<\/strong> Onze technici zijn snel ter plaatse en hebben de standaard reserveonderdelen direct in het voertuig &#8211; veel problemen kunnen <strong>onmiddellijk worden opgelost<\/strong> zonder lange stilstandtijden.<\/p>\n\n\n\n<p><strong>Actief in heel Duitsland: samen met onze partner ESSMANN<\/strong> bieden we een landelijk servicenetwerk met korte responstijden. Voor dringende gevallen leveren we reserveonderdelen ook &#8217;s nachts &#8211; rechtstreeks vanuit ons magazijn aan u. <\/p>\n<\/div>\n<\/div>\n\n<div class=\"wp-block-columns is-layout-flex wp-container-core-columns-is-layout-9d6595d7 wp-block-columns-is-layout-flex\">\n<div class=\"wp-block-column is-layout-flow wp-block-column-is-layout-flow\" style=\"flex-basis:66.66%\">\n<h2 class=\"wp-block-heading\">Persoonlijk beschikbaar &#8211; digitaal op elk moment<\/h2>\n\n\n\n<p><strong>Heb je ondersteuning nodig of wil je een storing melden?<\/strong> Onze klantenservice in Duisburg staat <strong>op werkdagen van maandag tot en met vrijdag persoonlijk voor je<\/strong> klaar &#8211; bel ons gewoon even en we nemen je verzoek in behandeling.<\/p>\n\n\n\n<p><strong>De klok rond voor je beschikbaar:<\/strong> Gebruik ons <strong>supportformulier<\/strong> buiten de kantooruren. Je vraag wordt onmiddellijk doorgestuurd naar ons systeem en <strong>we komen de volgende werkdag zo snel mogelijk<\/strong> bij je terug met een oplossing. <\/p>\n<\/div>\n\n\n\n<div class=\"wp-block-column is-layout-flow wp-block-column-is-layout-flow\" style=\"flex-basis:33.33%\"><div class=\"gb-container gb-container-99940e56\"><div class=\"gb-inside-container\">\n<div class=\"gb-grid-wrapper gb-grid-wrapper-1b78a3bf\">\n<div class=\"gb-grid-column gb-grid-column-606beaee\"><div class=\"gb-container gb-container-606beaee\"><div class=\"gb-inside-container\">\n<div class=\"gb-button-wrapper gb-button-wrapper-db8da8ca\">\n\n<a class=\"gb-button gb-button-e4fccb8a gb-button-text button\" href=\"https:\/\/waagen-visser.de\/nl\/?page_id=71509\">Contact service<\/a>\n\n<\/div>\n<\/div><\/div><\/div>\n<\/div>\n<\/div><\/div><\/div>\n<\/div>\n\n<div class=\"wp-block-columns is-layout-flex wp-container-core-columns-is-layout-9d6595d7 wp-block-columns-is-layout-flex\">\n<div class=\"wp-block-column is-layout-flow wp-block-column-is-layout-flow\" style=\"flex-basis:33.33%\"><\/div>\n\n\n\n<div class=\"wp-block-column is-layout-flow wp-block-column-is-layout-flow\" style=\"flex-basis:66.66%\">\n<h2 class=\"wp-block-heading\">Hoge beschikbaarheid van reserveonderdelen<\/h2>\n\n\n\n<p>Reserveonderdelen van topkwaliteit &#8211; snel beschikbaar, direct ter plaatse<\/p>\n\n\n\n<p><strong>Of het nu gaat om schroef- of weegelektronica &#8211; bij VISSER in Duisburg ontvangt u uitsluitend hoogwaardige reserveonderdelen<\/strong>, precies afgestemd op uw systemen. Dankzij onze nauwe verbinding met het centrale onderdelenmagazijn van de <strong>ESSMANN-groep<\/strong> in Hamburg en de vestigingen in Berlijn, Wallenhorst, Saalfeld en Westhausen zijn <strong>zelfs zeldzame onderdelen snel beschikbaar<\/strong>. <\/p>\n\n\n\n<p>Met ons digitale aanvraag- en logistieke systeem zorgen we ervoor dat reserveonderdelen <strong>direct daar worden afgeleverd waar ze nodig zijn &#8211; zelfs &#8217;s nachts, direct in de auto van onze servicetechnicus<\/strong>. Op deze manier houden we uw weegschalen betrouwbaar gebruiksklaar &#8211; met minimale stilstandtijd. <\/p>\n<\/div>\n<\/div>\n\n<div class=\"wp-block-columns is-layout-flex wp-container-core-columns-is-layout-9d6595d7 wp-block-columns-is-layout-flex\">\n<div class=\"wp-block-column is-layout-flow wp-block-column-is-layout-flow\" style=\"flex-basis:66.66%\">\n<h2 class=\"wp-block-heading\">Reparatieservice &#8211; zelfs zonder contract<\/h2>\n\n\n\n<p><strong>(Nog) geen VISSER onderhoudsklant? Geen probleem. <\/strong>  Of het nu gaat om een eenmalige reparatie of een acute storing, <strong>wij bieden snelle, transparante en betrouwbare hulp<\/strong>.<\/p>\n\n\n\n<p>Ons serviceteam geeft u graag een <strong>vrijblijvende offerte<\/strong> en voert alle werkzaamheden uit met de gebruikelijke <strong>VISSER-kwaliteit<\/strong> &#8211; ongeacht bestaande contracten.<\/p>\n<\/div>\n\n\n\n<div class=\"wp-block-column is-layout-flow wp-block-column-is-layout-flow\" style=\"flex-basis:33.33%\"><\/div>\n<\/div>\n<div class=\"gb-container gb-container-3ba5f770\"><div class=\"gb-inside-container\">\n<div class=\"gb-grid-wrapper gb-grid-wrapper-d40d1b94\">\n<div class=\"gb-grid-column gb-grid-column-a67b3ef2\"><div class=\"gb-container gb-container-a67b3ef2\"><div class=\"gb-inside-container\">\n<div class=\"gb-button-wrapper gb-button-wrapper-e7f8cb7b\">\n\n<a class=\"gb-button gb-button-7e24216b gb-button-text button\" href=\"https:\/\/waagen-visser.de\/nl\/?page_id=71509\">Een reparatieofferte aanvragen<\/a>\n\n<\/div>\n<\/div><\/div><\/div>\n<\/div>\n<\/div><\/div><div class=\"gb-container gb-container-f0ff8e2a\"><div class=\"gb-inside-container\">\n<div class=\"gb-grid-wrapper gb-grid-wrapper-4fc89529\">\n<div class=\"gb-grid-column gb-grid-column-d9be446b\"><div class=\"gb-container gb-container-d9be446b\"><div class=\"gb-inside-container\">\n<div class=\"gb-button-wrapper gb-button-wrapper-6a021b9e\">\n\n<a class=\"gb-button gb-button-775ffcc3 gb-button-text button\" href=\"https:\/\/waagen-visser.de\/nl\/?page_id=74440\">Terug naar overzicht  <\/a>\n\n<\/div>\n<\/div><\/div><\/div>\n<\/div>\n<\/div><\/div>\n<p><\/p>\n","protected":false},"excerpt":{"rendered":"<p>VISSER weegschalen reparatie Snelle hulp bij storingen &#8211; diagnoseservice inbegrepen Staken je weegschalen? Ons serviceteam reageert onmiddellijk: de dichtstbijzijnde technicus wordt automatisch op de hoogte &#8230; <\/p>\n<p class=\"read-more-container\"><a title=\"VISSER reparatie\" class=\"read-more button\" href=\"https:\/\/waagen-visser.de\/nl\/waagenreparatur\/#more-71561\" aria-label=\"Lees meer over VISSER reparatie\">Lees meer<\/a><\/p>\n","protected":false},"author":7,"featured_media":0,"parent":0,"menu_order":0,"comment_status":"closed","ping_status":"closed","template":"","meta":{"_seopress_robots_primary_cat":"","_seopress_titles_title":"VISSER | Voor de reparatie van uw weegschaal","_seopress_titles_desc":"VISSER biedt snelle en betrouwbare reparaties voor industri\u00eble en commerci\u00eble weegschalen in het Rijn-Ruhrgebied. En daarbuiten. ","_seopress_robots_index":"","_jet_sm_ready_style":"","_jet_sm_style":"","_jet_sm_controls_values":"","_jet_sm_fonts_collection":"","_jet_sm_fonts_links":"","footnotes":""},"class_list":{"0":"post-71561","1":"page","2":"type-page","3":"status-publish","5":"infinite-scroll-item"},"ase":null,"_links":{"self":[{"href":"https:\/\/waagen-visser.de\/nl\/wp-json\/wp\/v2\/pages\/71561","targetHints":{"allow":["GET"]}}],"collection":[{"href":"https:\/\/waagen-visser.de\/nl\/wp-json\/wp\/v2\/pages"}],"about":[{"href":"https:\/\/waagen-visser.de\/nl\/wp-json\/wp\/v2\/types\/page"}],"author":[{"embeddable":true,"href":"https:\/\/waagen-visser.de\/nl\/wp-json\/wp\/v2\/users\/7"}],"replies":[{"embeddable":true,"href":"https:\/\/waagen-visser.de\/nl\/wp-json\/wp\/v2\/comments?post=71561"}],"version-history":[{"count":4,"href":"https:\/\/waagen-visser.de\/nl\/wp-json\/wp\/v2\/pages\/71561\/revisions"}],"predecessor-version":[{"id":82267,"href":"https:\/\/waagen-visser.de\/nl\/wp-json\/wp\/v2\/pages\/71561\/revisions\/82267"}],"wp:attachment":[{"href":"https:\/\/waagen-visser.de\/nl\/wp-json\/wp\/v2\/media?parent=71561"}],"curies":[{"name":"wp","href":"https:\/\/api.w.org\/{rel}","templated":true}]}}