{"id":71643,"date":"2024-01-16T16:39:34","date_gmt":"2024-01-16T15:39:34","guid":{"rendered":"https:\/\/essmann.com\/waagen-eichung\/"},"modified":"2025-09-17T15:31:55","modified_gmt":"2025-09-17T13:31:55","slug":"waageneichung_uebersicht","status":"publish","type":"page","link":"https:\/\/waagen-visser.de\/nl\/waageneichung_uebersicht\/","title":{"rendered":"VISSER-schaalkalibratie"},"content":{"rendered":"<div class=\"gb-container gb-container-466ca175\">\n\n<p class=\"has-text-align-center\">Verificatie <a href=\"https:\/\/waagen-visser.de\/nl\/hersteller-ersteichung\/\" data-type=\"page\" data-id=\"29276\">door de fabrikant<\/a> | <a href=\"https:\/\/waagen-visser.de\/nl\/dakks-kalibrierung\/\" data-type=\"page\" data-id=\"30078\">Herijking<\/a> van <a href=\"https:\/\/waagen-visser.de\/nl\/waagen-nacheichung\/\">de balans<\/a> <\/p>\n\n<\/div><div class=\"gb-container gb-container-2bba2800\"><div class=\"gb-inside-container\">\n<div class=\"gb-container gb-container-472e9bd5\" id=\"welcome\"><div class=\"gb-inside-container\">\n<div class=\"gb-container gb-container-e06db0fd\"><div class=\"gb-inside-container\">\n<div class=\"gb-grid-wrapper gb-grid-wrapper-3b183dc5\">\n<div class=\"gb-grid-column gb-grid-column-74322eeb\"><div class=\"gb-container gb-container-74322eeb\"><div class=\"gb-inside-container\">\n<div class=\"gb-button-wrapper gb-button-wrapper-4a2269c5\">\n\n<a class=\"gb-button gb-button-1d91d7de gb-button-text button\" href=\"https:\/\/waagen-visser.de\/nl\/waagen-nacheichung\/#eichtermin\">Maak een afspraak<\/a>\n\n<\/div>\n<\/div><\/div><\/div>\n<\/div>\n<\/div><\/div>\n\n<div class=\"gb-grid-wrapper gb-grid-wrapper-a27b11f8\">\n<div class=\"gb-grid-column gb-grid-column-8aba818c\"><div class=\"gb-container gb-container-8aba818c\"><div class=\"gb-inside-container\">\n\n<h2 class=\"gb-headline gb-headline-a151aa39 gb-headline-text\">Overzicht: Industri\u00eble en commerci\u00eble weegschalen gekalibreerd voor precisie<\/h2>\n\n\n\n<div class=\"gb-headline gb-headline-faf70ae1\"><span class=\"gb-icon\"><svg xmlns=\"http:\/\/www.w3.org\/2000\/svg\" viewbox=\"0 0 36.7 3\"><path d=\"M0 0h36.7v3H0z\"><\/path><\/svg><\/span><\/div>\n\n\n\n<p><strong>Of het nu gaat om vrachtwagenweegschalen, spoorweegschalen, platformweegschalen, bulkgoederenweegschalen of laboratoriumweegschalen &#8211; VISSER is uw gecertificeerde partner voor wettelijke verificatie en nauwkeurige kalibratie van uw industri\u00eble en commerci\u00eble weegschalen.<\/strong><\/p>\n\n\n\n<p>Onze diensten voldoen niet alleen aan alle wettelijke metrologische eisen, maar verhogen ook uw operationele veiligheid en meetkwaliteit. We helpen u met <strong>initi\u00eble controles<\/strong>, bereiden uw weegschalen voor <strong>op regelmatige herkalibraties of bevindingen<\/strong> en voeren op verzoek <strong>DAkkS-conforme kalibraties<\/strong> uit volgens DIN EN ISO\/IEC 17025 &#8211; met traceerbare resultaten en een standaard kalibratiecertificaat. <\/p>\n\n\n\n<p>Vertrouw op de jarenlange ervaring van VISSER in weegtechnologie en zorg voor maximale rechtszekerheid, meetnauwkeurigheid en systeemeffici\u00ebntie.<\/p>\n\n<\/div><\/div><\/div>\n\n<div class=\"gb-grid-column gb-grid-column-de9949fa\"><div class=\"gb-container gb-container-de9949fa\"><div class=\"gb-inside-container\">\n\n<figure class=\"gb-block-image gb-block-image-75b1a2f8\"><img loading=\"lazy\" decoding=\"async\" width=\"1024\" height=\"682\" class=\"gb-image gb-image-75b1a2f8\" src=\"https:\/\/waagen-visser.de\/wp-content\/uploads\/2024\/04\/gewichte_DR_0024-1024x682.jpg\" alt=\"Rechthoekige kalibratiegewichten\" title=\"Gewichten voor kalibratie\" srcset=\"https:\/\/waagen-visser.de\/wp-content\/uploads\/2024\/04\/gewichte_DR_0024-1024x682.jpg 1024w, https:\/\/waagen-visser.de\/wp-content\/uploads\/2024\/04\/gewichte_DR_0024-300x200.jpg 300w, https:\/\/waagen-visser.de\/wp-content\/uploads\/2024\/04\/gewichte_DR_0024-768x512.jpg 768w, https:\/\/waagen-visser.de\/wp-content\/uploads\/2024\/04\/gewichte_DR_0024.jpg 1280w\" sizes=\"auto, (max-width: 1024px) 100vw, 1024px\" \/><\/figure>\n\n<\/div><\/div><\/div>\n<\/div>\n<\/div><\/div>\n<\/div><\/div><div class=\"gb-container gb-container-8bed46f8\"><div class=\"gb-inside-container\">\n<div class=\"gb-grid-wrapper gb-grid-wrapper-c00dc286\">\n<div class=\"gb-grid-column gb-grid-column-92a71a53\"><div class=\"gb-container gb-container-92a71a53\"><div class=\"gb-inside-container\"><\/div><\/div><\/div>\n\n<div class=\"gb-grid-column gb-grid-column-00c5c342\"><div class=\"gb-container gb-container-00c5c342\"><div class=\"gb-inside-container\">\n\n<h2 class=\"gb-headline gb-headline-5034d7fe gb-headline-text\">Kalibratie fabrikant<\/h2>\n\n\n\n<div class=\"gb-headline gb-headline-71f2fac4\"><span class=\"gb-icon\"><svg xmlns=\"http:\/\/www.w3.org\/2000\/svg\" viewbox=\"0 0 36.7 3\"><path d=\"M0 0h36.7v3H0z\"><\/path><\/svg><\/span><\/div>\n\n\n\n<p>Als gecertificeerd gespecialiseerd bedrijf is VISSER | Waagen gemachtigd om de conformiteitsbeoordelingsprocedure voor niet-automatische weeginstrumenten (NAWI&#8217;s) onafhankelijk uit te voeren &#8211; in heel Europa en rechtstreeks als onderdeel van ons kwaliteitsmanagementsysteem.<\/p>\n\n\n\n<p><strong>Voor u betekent dit dat<\/strong> u uw weegschalen vanuit \u00e9\u00e9n enkele bron ontvangt &#8211; van projectplanning tot inbedrijfstelling volgens de wettelijke voorschriften &#8211; effici\u00ebnt, wettelijk conform en zonder externe interfaces.<\/p>\n\n\n<div class=\"gb-button-wrapper gb-button-wrapper-fc2c8c91\">\n\n<a class=\"gb-button gb-button-f79ac4a8 gb-button-text button-effect\" href=\"https:\/\/waagen-visser.de\/nl\/hersteller-ersteichung\/\">Meer lezen<\/a>\n\n<\/div>\n<\/div><\/div><\/div>\n\n<div class=\"gb-grid-column gb-grid-column-2dd4918e\"><div class=\"gb-container gb-container-2dd4918e\"><div class=\"gb-inside-container\">\n\n<h3 class=\"gb-headline gb-headline-09af18bd gb-headline-text\">Herijking van je weegschaal<\/h3>\n\n\n\n<p class=\"has-white-color has-text-color\">Bij VISSER zorgen we ook na de inbedrijfstelling voor uw weegschalen. We houden voor elke weegschaal die we onderhouden een digitaal servicedossier bij, waarin alle onderhoud, kalibraties en de volgende kalibratiedata worden gedocumenteerd. <\/p>\n\n\n\n<p class=\"has-white-color has-text-color\">Je ontvangt tijdig voor het verstrijken van de kalibratieperiode een automatische herinnering en ons team organiseert alle stappen die bij de kalibratie komen kijken. Eenvoudig, betrouwbaar en zonder veel moeite voor jou. <\/p>\n\n\n<div class=\"gb-button-wrapper gb-button-wrapper-b3d8fc23\">\n\n<a class=\"gb-button gb-button-0b6f8ef9 gb-button-text button-effect\" href=\"https:\/\/waagen-visser.de\/nl\/waagen-nacheichung\/\">Meer lezen<\/a>\n\n<\/div>\n<\/div><\/div><\/div>\n\n<div class=\"gb-grid-column gb-grid-column-1c4eea71\"><div class=\"gb-container gb-container-1c4eea71\"><div class=\"gb-inside-container\"><\/div><\/div><\/div>\n<\/div>\n<\/div><\/div><div class=\"gb-container gb-container-b6820a46\"><div class=\"gb-inside-container\">\n<div class=\"gb-grid-wrapper gb-grid-wrapper-fd39fbc5\">\n<div class=\"gb-grid-column gb-grid-column-3405fa27\"><div class=\"gb-container gb-container-3405fa27\"><div class=\"gb-inside-container\"><\/div><\/div><\/div>\n\n<div class=\"gb-grid-column gb-grid-column-bc608788\"><div class=\"gb-container gb-container-bc608788\"><div class=\"gb-inside-container\">\n\n<h3 class=\"gb-headline gb-headline-b3a8a793 gb-headline-text\">DAkkS kalibratie<\/h3>\n\n\n\n<p class=\"has-base-3-color has-text-color\">VISSER organiseert nauwkeurige DAkkS-kalibraties voor u via ons partnerlaboratorium KERN &amp; SOHN &#8211; officieel geaccrediteerd volgens DIN EN ISO\/IEC 17025, zowel voor interne <strong>kwaliteitsborging<\/strong> als voor wettelijk gereguleerde processen: U ontvangt een standaard kalibratiecertificaat met volledige <strong>traceerbaarheid<\/strong>. <\/p>\n\n\n\n<p class=\"has-base-3-color has-text-color\">Voor maximale nauwkeurigheid &#8211; gedocumenteerd en betrouwbaar.<\/p>\n\n\n<div class=\"gb-button-wrapper gb-button-wrapper-a46c28ec\">\n\n<a class=\"gb-button gb-button-1e23428f gb-button-text button-effect\" href=\"https:\/\/waagen-visser.de\/nl\/dakks-kalibrierung\/\">Meer lezen<\/a>\n\n<\/div>\n<\/div><\/div><\/div>\n<\/div>\n<\/div><\/div><div class=\"gb-container gb-container-50029533\"><\/div><div class=\"gb-container gb-container-e10ecd72\"><div class=\"gb-inside-container\">\n<div class=\"gb-grid-wrapper gb-grid-wrapper-1029e46e\">\n<div class=\"gb-grid-column gb-grid-column-4bf2c5e3\"><div class=\"gb-container gb-container-4bf2c5e3\"><div class=\"gb-inside-container\">\n<div class=\"gb-button-wrapper gb-button-wrapper-98531a94\">\n\n<a class=\"gb-button gb-button-59140d19 gb-button-text button\" href=\"https:\/\/waagen-visser.de\/nl\/waagen-nacheichung\/#eichtermin\">Maak een afspraak<\/a>\n\n<\/div>\n<\/div><\/div><\/div>\n<\/div>\n<\/div><\/div><div class=\"gb-container gb-container-9160bf57\"><div class=\"gb-inside-container\">\n<div class=\"gb-grid-wrapper gb-grid-wrapper-845373d6\">\n<div class=\"gb-grid-column gb-grid-column-4992e377\"><div class=\"gb-container gb-container-4992e377\"><div class=\"gb-inside-container\">\n<div class=\"gb-button-wrapper gb-button-wrapper-6f926105\">\n\n<a class=\"gb-button gb-button-8dc5dc7f gb-button-text button\" href=\"https:\/\/waagen-visser.de\/service\/\">Terug naar het serviceoverzicht<\/a>\n\n<\/div>\n<\/div><\/div><\/div>\n<\/div>\n<\/div><\/div>","protected":false},"excerpt":{"rendered":"<p>Verificatie door de fabrikant | Herijking van de balans<\/p>\n","protected":false},"author":7,"featured_media":0,"parent":0,"menu_order":0,"comment_status":"closed","ping_status":"closed","template":"","meta":{"_seopress_robots_primary_cat":"","_seopress_titles_title":"Nauwkeurige schaalkalibratie & DAkkS-kalibratie | VISSER","_seopress_titles_desc":"Vertrouw op VISSER W\u00e4getechnik voor gecertificeerde eerste controles, herkalibraties en DAkkS-kalibraties van uw industri\u00eble en commerci\u00eble weegschalen in het Rijn-Ruhrgebied.","_seopress_robots_index":"","_jet_sm_ready_style":"","_jet_sm_style":"","_jet_sm_controls_values":"","_jet_sm_fonts_collection":"","_jet_sm_fonts_links":"","footnotes":""},"class_list":{"0":"post-71643","1":"page","2":"type-page","3":"status-publish","5":"infinite-scroll-item"},"ase":null,"_links":{"self":[{"href":"https:\/\/waagen-visser.de\/nl\/wp-json\/wp\/v2\/pages\/71643","targetHints":{"allow":["GET"]}}],"collection":[{"href":"https:\/\/waagen-visser.de\/nl\/wp-json\/wp\/v2\/pages"}],"about":[{"href":"https:\/\/waagen-visser.de\/nl\/wp-json\/wp\/v2\/types\/page"}],"author":[{"embeddable":true,"href":"https:\/\/waagen-visser.de\/nl\/wp-json\/wp\/v2\/users\/7"}],"replies":[{"embeddable":true,"href":"https:\/\/waagen-visser.de\/nl\/wp-json\/wp\/v2\/comments?post=71643"}],"version-history":[{"count":5,"href":"https:\/\/waagen-visser.de\/nl\/wp-json\/wp\/v2\/pages\/71643\/revisions"}],"predecessor-version":[{"id":87856,"href":"https:\/\/waagen-visser.de\/nl\/wp-json\/wp\/v2\/pages\/71643\/revisions\/87856"}],"wp:attachment":[{"href":"https:\/\/waagen-visser.de\/nl\/wp-json\/wp\/v2\/media?parent=71643"}],"curies":[{"name":"wp","href":"https:\/\/api.w.org\/{rel}","templated":true}]}}