{"id":71739,"date":"2023-03-01T08:02:25","date_gmt":"2023-03-01T07:02:25","guid":{"rendered":"https:\/\/essmann.com\/industrie-waagen\/"},"modified":"2025-07-29T17:08:51","modified_gmt":"2025-07-29T15:08:51","slug":"industrie-waagen","status":"publish","type":"page","link":"https:\/\/waagen-visser.de\/nl\/industrie-waagen\/","title":{"rendered":"VISSER weegschalen"},"content":{"rendered":"\n<div class=\"wp-block-columns is-layout-flex wp-container-core-columns-is-layout-9d6595d7 wp-block-columns-is-layout-flex\">\n<div class=\"wp-block-column is-layout-flow wp-block-column-is-layout-flow\" style=\"flex-basis:100%\"><div class=\"gb-container gb-container-4dd388a0\">\n\n<p class=\"has-text-align-center\">\u279a<a href=\"https:\/\/essmann.com\/fahrzeugwaagen\/\" data-type=\"link\" data-id=\"https:\/\/waagen-visser.de\/fahrzeugwaagen\/\" target=\"_blank\" rel=\"noreferrer noopener\">Fahrzeugwaagen<\/a> | \u279a<a href=\"https:\/\/essmann.com\/schuettgutwaagen\/\" data-type=\"link\" data-id=\"https:\/\/waagen-visser.de\/schuettgutwaagen\/\" target=\"_blank\" rel=\"noreferrer noopener\">Sch\u00fcttgutwaagen<\/a> | \u279a<a href=\"https:\/\/essmann.com\/gleiswaagen\/\" data-type=\"page\" data-id=\"30078\" target=\"_blank\" rel=\"noreferrer noopener\">Gleiswaagen<\/a> |<a href=\"https:\/\/waagen-visser.de\/waagenshop\/\" data-type=\"link\" data-id=\"https:\/\/waagen-visser.de\/waagenshop\/\"> <\/a><a href=\"https:\/\/essmann-shop.com\" data-type=\"link\" data-id=\"https:\/\/waagen-visser.de\/waagenshop\/\" target=\"_blank\" rel=\"noreferrer noopener\">\u279aIndustrie-, Handels- und Laborwaagen<\/a> | \u279a<a href=\"https:\/\/essmann.com\/mobile-waagen\/\" target=\"_blank\" rel=\"noreferrer noopener\">Mobile Waagen<\/a><\/p>\n\n<\/div>\n\n<div class=\"gb-container gb-container-f72eaa43\"><div class=\"gb-inside-container\">\n\n<h2 class=\"wp-block-heading has-text-align-center\">VISSER W\u00e4getechnik is sinds 1962 uw betrouwbare partner <br\/>voor industri\u00eble en commerci\u00eble weegschalen in het Ruhrgebied.<\/h2>\n\n\n\n<p class=\"has-text-align-left has-base-2-background-color has-background has-medium-font-size\"><strong>W\u00e4getechnik Heinz Visser GmbH<\/strong> in <strong>Duisburg<\/strong> heeft zichzelf altijd gezien als een <strong>gespecialiseerd bedrijf voor weegtechniek<\/strong>. Daarom is het voor ons bijzonder belangrijk om onze klanten te voorzien van gekwalificeerd advies en de nodige expertise en om hen de best mogelijke service te bieden. We hebben alleen <strong>gekwalificeerd personeel<\/strong> in dienst, dat altijd op een zeer hoog kennisniveau zit door interne en externe training en zo onze leidende principes vertegenwoordigt. Om onze klanten de best mogelijke service te bieden, is een <strong>veelzijdig productassortiment<\/strong> erg belangrijk voor ons. Door onze fusie met \u279a<strong><a href=\"https:\/\/essmann.com\" target=\"_blank\" rel=\"noreferrer noopener\">ESSMANN | Weegschalen &amp; Automatisering<\/a><\/strong> konden we dit nog verder uitbreiden. Hier vindt u een overzicht van onze<strong> weegschaalportfolio <\/strong>binnen de<strong> ESSMANN Group.<\/strong>     <\/p>\n\n\n\n<p class=\"gb-headline gb-headline-4d384b06 gb-headline-text\">Onze weegschaalportefeuille<\/p>\n\n\n\n<div class=\"gb-headline gb-headline-571c7292\"><span class=\"gb-icon\"><svg xmlns=\"http:\/\/www.w3.org\/2000\/svg\" viewbox=\"0 0 36.7 3\"><path d=\"M0 0h36.7v3H0z\"><\/path><\/svg><\/span><\/div>\n\n\n<div class=\"gb-grid-wrapper gb-grid-wrapper-d8d4de77\">\n<div class=\"gb-grid-column gb-grid-column-d5a9e255\"><div class=\"gb-container gb-container-d5a9e255\"><div class=\"gb-inside-container\">\n\n<h3 class=\"gb-headline gb-headline-cd670ba3 gb-headline-text\">Vrachtwagenweegschalen<\/h3>\n\n\n\n<p class=\"has-text-align-center\">De handelsweegschalen van de ESSMANN Group zijn robuuste, duurzame oplossingen voor logistiek, industrie, landbouw en bouw. Ze zijn verkrijgbaar in verschillende configuraties en materialen en kunnen optimaal worden aangepast aan branchespecifieke eisen. Afhankelijk van de eisen zijn de betonweegschalen verkrijgbaar als boven- of ondervloerse uitvoering of als mobiele vrachtwagenweegschalen voor de verhuur, flexibel en onafhankelijk van de locatie.    <\/p>\n\n\n<div class=\"gb-button-wrapper gb-button-wrapper-1d2b4206\">\n\n<a class=\"gb-button gb-button-73238c3f gb-button-text button-effect\" href=\"https:\/\/essmann.com\/fahrzeugwaagen\/\" target=\"_blank\" rel=\"noopener noreferrer\">Meer lezen<\/a>\n\n<\/div>\n<\/div><\/div><\/div>\n\n<div class=\"gb-grid-column gb-grid-column-68177974\"><div class=\"gb-container gb-container-68177974\"><div class=\"gb-inside-container\">\n\n<h3 class=\"gb-headline gb-headline-533ab94c gb-headline-text\">Spoor schalen<\/h3>\n\n\n\n<p class=\"has-text-align-center\">De verschillende spoorweegschalen registreren het gewicht van spoorvoertuigen &#8211; statisch wanneer ze stilstaan of dynamisch wanneer ze rijden. Ze worden overal gebruikt waar wagons geladen of gelost moeten worden. Gecombineerde weegschalen voor rail- en wegvoertuigen maken flexibel gebruik voor rail en weg mogelijk. Automatische UIC-nummerherkenning wijst de gewichtsgegevens nauwkeurig toe aan de afzonderlijke wagons.   <\/p>\n\n\n<div class=\"gb-button-wrapper gb-button-wrapper-fc2c8c91\">\n\n<a class=\"gb-button gb-button-f79ac4a8 gb-button-text button-effect\" href=\"https:\/\/essmann.com\/gleiswaagen\/\" target=\"_blank\" rel=\"noopener noreferrer\">Meer lezen<\/a>\n\n<\/div>\n<\/div><\/div><\/div>\n\n<div class=\"gb-grid-column gb-grid-column-a469ba22\"><div class=\"gb-container gb-container-a469ba22\"><div class=\"gb-inside-container\">\n\n<h3 class=\"gb-headline gb-headline-e55e2693 gb-headline-text\">Bulkweegschalen<\/h3>\n\n\n\n<p class=\"has-text-align-center\">Onze bulkweegschalen met onderlossystemen zijn ideaal voor het mengen, doseren, portioneren en controleren van bulkmaterialen, pasta&#8217;s en vloeistoffen. De ijkbare HE-BW bunker- en transferweegschalen zijn ontworpen voor ontvangst- en doseerwerkzaamheden en bieden een hoogwaardige standaard met een aantrekkelijke prijs-prestatieverhouding. <\/p>\n\n\n<div class=\"gb-button-wrapper gb-button-wrapper-fea28c6d\">\n\n<a class=\"gb-button gb-button-12542639 gb-button-text button-effect\" href=\"https:\/\/essmann.com\/schuettgutwaagen\/\" target=\"_blank\" rel=\"noopener noreferrer\">Meer lezen<\/a>\n\n<\/div>\n<\/div><\/div><\/div>\n\n<div class=\"gb-grid-column gb-grid-column-180cebd4\"><div class=\"gb-container gb-container-180cebd4\"><div class=\"gb-inside-container\">\n\n<h3 class=\"gb-headline gb-headline-f83dadf9 gb-headline-text\">Weegschaal winkel<\/h3>\n\n\n\n<p class=\"has-text-align-center\">De weegschaalshop van ESSMANN biedt beproefde weegtechniek voor industrie, handel, laboratoria en geneeskunde &#8211; van precisieweegschalen tot kraanweegschalen en vrachtwagenweegschalen. Met legale modellen, accessoires en professioneel advies vindt u hier de juiste oplossing voor uw bedrijf &#8211; snel, betrouwbaar en online te bestellen. Met direct chatadvies in realtime &#8211; heel persoonlijk en menselijk.  <\/p>\n\n\n<div class=\"gb-button-wrapper gb-button-wrapper-8d82f920\">\n\n<a class=\"gb-button gb-button-3f0d4833 gb-button-text button-effect\" href=\"https:\/\/www.essmann-shop.com\/\" target=\"_blank\" rel=\"noopener noreferrer\">ONLINE WINKELEN<\/a>\n\n<\/div>\n<\/div><\/div><\/div>\n\n<div class=\"gb-grid-column gb-grid-column-52c2c24b\"><div class=\"gb-container gb-container-52c2c24b\"><div class=\"gb-inside-container\">\n\n<h3 class=\"gb-headline gb-headline-df30b4b7 gb-headline-text\">Weegsoftware &amp; automatisering<\/h3>\n\n\n\n<p class=\"has-text-align-center\">Met de modulaire ESSMANN weegapplicaties EWPsmart en EWP en digitale oplossingen voor logistiek, controle en yard management, zoals EWA Check-in als toegangscontrole en EWA Cargo Control voor yard logistics, optimaliseren wij uw processen. Van toegangscontrole tot voertuig- en UIC-detectie tot machinebesturing &#8211; wij ontwikkelen wat u echt nodig hebt op uw bedrijfsterrein. <\/p>\n\n\n<div class=\"gb-button-wrapper gb-button-wrapper-10cf4188\">\n\n<a class=\"gb-button gb-button-ed62a80f gb-button-text button-effect\" href=\"https:\/\/essmann.com\/automation\/\" target=\"_blank\" rel=\"noopener noreferrer\">Meer lezen<\/a>\n\n<\/div>\n<\/div><\/div><\/div>\n\n<div class=\"gb-grid-column gb-grid-column-d686c816\"><div class=\"gb-container gb-container-d686c816\"><div class=\"gb-inside-container\">\n\n<h3 class=\"gb-headline gb-headline-61330a8a gb-headline-text\">Service<\/h3>\n\n\n\n<p class=\"has-text-align-center\">VISSER Waagen in Duisburg staat voor gekwalificeerd advies, uitstekende weegschaalservice en weegtechniek op maat. Onze uitstekend opgeleide technici zorgen ervoor dat uw weegschaal betrouwbaar functioneert. Kalibratie, onderhoud en reparatie zorgen voor een herkalibratiepercentage van 98,7%. Ontdek onze serviceaanbiedingen.   <\/p>\n\n\n<div class=\"gb-button-wrapper gb-button-wrapper-12907dce\">\n\n<a class=\"gb-button gb-button-ea593cd4 gb-button-text button-effect\" href=\"https:\/\/waagen-visser.de\/nl\/?page_id=71680\">Meer lezen<\/a>\n\n<\/div>\n<\/div><\/div><\/div>\n<\/div>\n<\/div><\/div><\/div>\n<\/div>\n<div class=\"gb-container gb-container-1f312e32\">\n\n<div style=\"height:66px\" aria-hidden=\"true\" class=\"wp-block-spacer\"><\/div>\n\n\n\n<div class=\"wp-block-columns is-layout-flex wp-container-core-columns-is-layout-9d6595d7 wp-block-columns-is-layout-flex\">\n<div class=\"wp-block-column is-layout-flow wp-block-column-is-layout-flow\" style=\"flex-basis:25%\"><\/div>\n\n\n\n<div class=\"wp-block-column is-layout-flow wp-block-column-is-layout-flow\" style=\"flex-basis:50%\">\n<h2 class=\"wp-block-heading has-base-3-color has-text-color has-link-color wp-elements-545f3411240470cc9f398f530fc9bd35\"><strong>VISSER-tip: Huur een weegschaal in plaats van hem te kopen &#8211; flexibel en afgestemd op uw behoeften<\/strong><\/h2>\n\n\n\n<p class=\"has-base-3-color has-text-color has-link-color wp-elements-03a25d7014da8f02eb0b00a7a7b07b17\">Hebt u slechts tijdelijk een weegschaal nodig &#8211; bijvoorbeeld voor een project, een bouwplaats of seizoensgebonden vereisten? Dan biedt onze huuroplossing u het juiste alternatief voor kopen. Lees hier meer over beschikbare modellen en flexibele voorwaarden.  <\/p>\n\n\n<div class=\"gb-container gb-container-e06db0fd\"><div class=\"gb-inside-container\">\n<div class=\"gb-grid-wrapper gb-grid-wrapper-3b183dc5\">\n<div class=\"gb-grid-column gb-grid-column-74322eeb\"><div class=\"gb-container gb-container-74322eeb\"><div class=\"gb-inside-container\">\n<div class=\"gb-container gb-container-4ca49c14\">\n<div class=\"gb-button-wrapper gb-button-wrapper-5d0c9fe1\">\n\n<a class=\"gb-button gb-button-90720a25 gb-button-text button\" href=\"https:\/\/waagen-visser.de\/nl\/?page_id=71511\">Verhuur weegschalen<\/a>\n\n<\/div>\n<\/div>\n<\/div><\/div><\/div>\n<\/div>\n<\/div><\/div>\n\n\n<div style=\"height:10px\" aria-hidden=\"true\" class=\"wp-block-spacer\"><\/div>\n<\/div>\n\n\n\n<div class=\"wp-block-column is-layout-flow wp-block-column-is-layout-flow\" style=\"flex-basis:25%\">\n<figure class=\"wp-block-image size-large\"><img loading=\"lazy\" decoding=\"async\" width=\"1024\" height=\"1024\" src=\"https:\/\/waagen-visser.de\/wp-content\/uploads\/2023\/09\/Wagenbauer-Kreis-1024x1024.png\" alt=\"\" class=\"wp-image-29942\" srcset=\"https:\/\/waagen-visser.de\/wp-content\/uploads\/2023\/09\/Wagenbauer-Kreis-1024x1024.png 1024w, https:\/\/waagen-visser.de\/wp-content\/uploads\/2023\/09\/Wagenbauer-Kreis-300x300.png 300w, https:\/\/waagen-visser.de\/wp-content\/uploads\/2023\/09\/Wagenbauer-Kreis-150x150.png 150w, https:\/\/waagen-visser.de\/wp-content\/uploads\/2023\/09\/Wagenbauer-Kreis-768x768.png 768w, https:\/\/waagen-visser.de\/wp-content\/uploads\/2023\/09\/Wagenbauer-Kreis.png 1449w\" sizes=\"auto, (max-width: 1024px) 100vw, 1024px\" \/><\/figure>\n<\/div>\n<\/div>\n\n<\/div>\n<div style=\"height:44px\" aria-hidden=\"true\" class=\"wp-block-spacer\"><\/div>\n\n<h2 class=\"wp-block-heading has-text-align-center\">Neem contact met ons op<\/h2>\n\n<p class=\"has-text-align-center\">Wilt u meer weten over onze weegoplossingen voor <br\/>de industrie? Neem dan gerust contact met ons op. <\/p>\n<div class=\"gb-container gb-container-01d74ca6\">\n<div class=\"gb-button-wrapper gb-button-wrapper-4a2269c5\">\n\n<a class=\"gb-button gb-button-1d91d7de gb-button-text button\" href=\"https:\/\/waagen-visser.de\/kontakt-zum-vertrieb\/\">Kontakt zu unseren Waagen-Experten<\/a>\n\n<\/div>\n<\/div>\n<p><\/p>\n","protected":false},"excerpt":{"rendered":"<p>\u279aFahrzeugwaagen | \u279aSch\u00fcttgutwaagen | \u279aGleiswaagen | \u279aIndustrie-, Handels- und Laborwaagen | \u279aMobile Waagen VISSER W\u00e4getechnik is sinds 1962 uw betrouwbare partner voor industri\u00eble en commerci\u00eble &#8230; <\/p>\n<p class=\"read-more-container\"><a title=\"VISSER weegschalen\" class=\"read-more button\" href=\"https:\/\/waagen-visser.de\/nl\/industrie-waagen\/#more-71739\" aria-label=\"Lees meer over VISSER weegschalen\">Lees meer<\/a><\/p>\n","protected":false},"author":7,"featured_media":0,"parent":0,"menu_order":0,"comment_status":"closed","ping_status":"closed","template":"","meta":{"_seopress_robots_primary_cat":"","_seopress_titles_title":"VISSER | Weegschalen Rijn-Ruhr","_seopress_titles_desc":"Uw gespecialiseerde weegbedrijf voor vrachtwagenweegschalen, spoorweegschalen, bulkweegschalen en andere industri\u00eble en commerci\u00eble weegschalen in het Ruhrgebied.","_seopress_robots_index":"","_jet_sm_ready_style":"","_jet_sm_style":"","_jet_sm_controls_values":"","_jet_sm_fonts_collection":"","_jet_sm_fonts_links":"","footnotes":""},"class_list":{"0":"post-71739","1":"page","2":"type-page","3":"status-publish","5":"infinite-scroll-item"},"ase":null,"_links":{"self":[{"href":"https:\/\/waagen-visser.de\/nl\/wp-json\/wp\/v2\/pages\/71739","targetHints":{"allow":["GET"]}}],"collection":[{"href":"https:\/\/waagen-visser.de\/nl\/wp-json\/wp\/v2\/pages"}],"about":[{"href":"https:\/\/waagen-visser.de\/nl\/wp-json\/wp\/v2\/types\/page"}],"author":[{"embeddable":true,"href":"https:\/\/waagen-visser.de\/nl\/wp-json\/wp\/v2\/users\/7"}],"replies":[{"embeddable":true,"href":"https:\/\/waagen-visser.de\/nl\/wp-json\/wp\/v2\/comments?post=71739"}],"version-history":[{"count":6,"href":"https:\/\/waagen-visser.de\/nl\/wp-json\/wp\/v2\/pages\/71739\/revisions"}],"predecessor-version":[{"id":82319,"href":"https:\/\/waagen-visser.de\/nl\/wp-json\/wp\/v2\/pages\/71739\/revisions\/82319"}],"wp:attachment":[{"href":"https:\/\/waagen-visser.de\/nl\/wp-json\/wp\/v2\/media?parent=71739"}],"curies":[{"name":"wp","href":"https:\/\/api.w.org\/{rel}","templated":true}]}}